{"id":78,"date":"2025-06-17T12:48:57","date_gmt":"2025-06-17T12:48:57","guid":{"rendered":"https:\/\/yesiltek.com\/?page_id=78"},"modified":"2025-06-17T12:48:58","modified_gmt":"2025-06-17T12:48:58","slug":"cevre-mevzuatina-uyum-danismanligi","status":"publish","type":"page","link":"https:\/\/yesiltek.com\/?page_id=78","title":{"rendered":"\u00c7evre Mevzuat\u0131na Uyum Dan\u0131\u015fmanl\u0131\u011f\u0131"},"content":{"rendered":"","protected":false},"excerpt":{"rendered":"","protected":false},"author":1,"featured_media":0,"parent":0,"menu_order":0,"comment_status":"closed","ping_status":"closed","template":"","meta":{"pagelayer_contact_templates":[],"_pagelayer_content":"","footnotes":""},"class_list":["post-78","page","type-page","status-publish","hentry"],"_links":{"self":[{"href":"https:\/\/yesiltek.com\/index.php?rest_route=\/wp\/v2\/pages\/78","targetHints":{"allow":["GET"]}}],"collection":[{"href":"https:\/\/yesiltek.com\/index.php?rest_route=\/wp\/v2\/pages"}],"about":[{"href":"https:\/\/yesiltek.com\/index.php?rest_route=\/wp\/v2\/types\/page"}],"author":[{"embeddable":true,"href":"https:\/\/yesiltek.com\/index.php?rest_route=\/wp\/v2\/users\/1"}],"replies":[{"embeddable":true,"href":"https:\/\/yesiltek.com\/index.php?rest_route=%2Fwp%2Fv2%2Fcomments&post=78"}],"version-history":[{"count":1,"href":"https:\/\/yesiltek.com\/index.php?rest_route=\/wp\/v2\/pages\/78\/revisions"}],"predecessor-version":[{"id":80,"href":"https:\/\/yesiltek.com\/index.php?rest_route=\/wp\/v2\/pages\/78\/revisions\/80"}],"wp:attachment":[{"href":"https:\/\/yesiltek.com\/index.php?rest_route=%2Fwp%2Fv2%2Fmedia&parent=78"}],"curies":[{"name":"wp","href":"https:\/\/api.w.org\/{rel}","templated":true}]}}