{"id":59,"date":"2025-06-17T08:54:06","date_gmt":"2025-06-17T08:54:06","guid":{"rendered":"https:\/\/yesiltek.com\/?page_id=59"},"modified":"2025-06-17T08:58:30","modified_gmt":"2025-06-17T08:58:30","slug":"59-2","status":"publish","type":"page","link":"https:\/\/yesiltek.com\/?page_id=59","title":{"rendered":"H\u0130ZMETLER\u0130M\u0130Z"},"content":{"rendered":"\t\t<div data-elementor-type=\"wp-page\" data-elementor-id=\"59\" class=\"elementor elementor-59\">\n\t\t\t\t<div class=\"elementor-element elementor-element-f9a7555 e-flex e-con-boxed e-con e-parent\" data-id=\"f9a7555\" data-element_type=\"container\">\n\t\t\t\t\t<div class=\"e-con-inner\">\n\t\t<div class=\"elementor-element elementor-element-d1a5a82 e-con-full e-flex e-con e-child\" data-id=\"d1a5a82\" data-element_type=\"container\">\n\t\t\t\t<div class=\"elementor-element elementor-element-a6bfa2a elementor-widget elementor-widget-image\" data-id=\"a6bfa2a\" data-element_type=\"widget\" data-widget_type=\"image.default\">\n\t\t\t\t<div class=\"elementor-widget-container\">\n\t\t\t\t\t\t\t\t\t\t\t\t\t\t\t<img fetchpriority=\"high\" decoding=\"async\" width=\"600\" height=\"445\" src=\"https:\/\/yesiltek.com\/wp-content\/uploads\/2025\/06\/cevre.jpg\" class=\"attachment-large size-large wp-image-69\" alt=\"\" srcset=\"https:\/\/yesiltek.com\/wp-content\/uploads\/2025\/06\/cevre.jpg 600w, https:\/\/yesiltek.com\/wp-content\/uploads\/2025\/06\/cevre-300x223.jpg 300w\" sizes=\"(max-width: 600px) 100vw, 600px\" \/>\t\t\t\t\t\t\t\t\t\t\t\t\t\t\t<\/div>\n\t\t\t\t<\/div>\n\t\t\t\t<\/div>\n\t\t<div class=\"elementor-element elementor-element-265f9c1 e-con-full e-flex e-con e-child\" data-id=\"265f9c1\" data-element_type=\"container\">\n\t\t\t\t<div class=\"elementor-element elementor-element-d5be0cf elementor-widget elementor-widget-text-editor\" data-id=\"d5be0cf\" data-element_type=\"widget\" data-widget_type=\"text-editor.default\">\n\t\t\t\t<div class=\"elementor-widget-container\">\n\t\t\t\t\t\t\t\t\t<h3>\u00c7evre Dan\u0131\u015fmanl\u0131\u011f\u0131<\/h3>\n<p>\u0130\u015fletmenizin \u00e7evre mevzuat\u0131na tam uyum sa\u011flamas\u0131 i\u00e7in kapsaml\u0131 dan\u0131\u015fmanl\u0131k sunuyoruz. Denetim \u00f6ncesi haz\u0131rl\u0131klar, belge d\u00fczenlemeleri, gerekli bildirimlerin yap\u0131lmas\u0131 ve mevzuat de\u011fi\u015fikliklerinin takibi bizim sorumlulu\u011fumuzda.<\/p>\t\t\t\t\t\t\t\t<\/div>\n\t\t\t\t<\/div>\n\t\t\t\t<\/div>\n\t\t\t\t\t<\/div>\n\t\t\t\t<\/div>\n\t\t\t\t<\/div>\n\t\t","protected":false},"excerpt":{"rendered":"<p>\u00c7evre Dan\u0131\u015fmanl\u0131\u011f\u0131 \u0130\u015fletmenizin \u00e7evre mevzuat\u0131na tam uyum sa\u011flamas\u0131 i\u00e7in kapsaml\u0131 dan\u0131\u015fmanl\u0131k sunuyoruz. Denetim \u00f6ncesi haz\u0131rl\u0131klar, belge d\u00fczenlemeleri, gerekli bildirimlerin yap\u0131lmas\u0131 ve mevzuat de\u011fi\u015fikliklerinin takibi bizim sorumlulu\u011fumuzda.<\/p>\n","protected":false},"author":1,"featured_media":0,"parent":0,"menu_order":0,"comment_status":"closed","ping_status":"closed","template":"","meta":{"pagelayer_contact_templates":[],"_pagelayer_content":"","footnotes":""},"class_list":["post-59","page","type-page","status-publish","hentry"],"_links":{"self":[{"href":"https:\/\/yesiltek.com\/index.php?rest_route=\/wp\/v2\/pages\/59","targetHints":{"allow":["GET"]}}],"collection":[{"href":"https:\/\/yesiltek.com\/index.php?rest_route=\/wp\/v2\/pages"}],"about":[{"href":"https:\/\/yesiltek.com\/index.php?rest_route=\/wp\/v2\/types\/page"}],"author":[{"embeddable":true,"href":"https:\/\/yesiltek.com\/index.php?rest_route=\/wp\/v2\/users\/1"}],"replies":[{"embeddable":true,"href":"https:\/\/yesiltek.com\/index.php?rest_route=%2Fwp%2Fv2%2Fcomments&post=59"}],"version-history":[{"count":5,"href":"https:\/\/yesiltek.com\/index.php?rest_route=\/wp\/v2\/pages\/59\/revisions"}],"predecessor-version":[{"id":72,"href":"https:\/\/yesiltek.com\/index.php?rest_route=\/wp\/v2\/pages\/59\/revisions\/72"}],"wp:attachment":[{"href":"https:\/\/yesiltek.com\/index.php?rest_route=%2Fwp%2Fv2%2Fmedia&parent=59"}],"curies":[{"name":"wp","href":"https:\/\/api.w.org\/{rel}","templated":true}]}}