{"id":2,"date":"2025-06-06T11:53:22","date_gmt":"2025-06-06T11:53:22","guid":{"rendered":"https:\/\/yesiltek.com\/?page_id=2"},"modified":"2025-06-10T06:13:50","modified_gmt":"2025-06-10T06:13:50","slug":"sample-page","status":"publish","type":"page","link":"https:\/\/yesiltek.com\/?page_id=2","title":{"rendered":"Hakk\u0131m\u0131zda"},"content":{"rendered":"\n<p><strong>Biz&nbsp;Kimiz<\/strong><\/p>\n\n\n\n<p>Ye\u015fil Tek, \u00e7evreye duyarl\u0131 sistemlerin yayg\u0131nla\u015ft\u0131r\u0131lmas\u0131, sanayi kurulu\u015flar\u0131n\u0131n \u00e7evre mevzuat\u0131na uyumlu hale getirilmesi ve s\u00fcrd\u00fcr\u00fclebilir bir \u00fcretim anlay\u0131\u015f\u0131n\u0131n geli\u015ftirilmesi amac\u0131yla kurulmu\u015f bir \u00e7evre dan\u0131\u015fmanl\u0131k firmas\u0131d\u0131r. Kurulu\u015fumuzdan bu yana amac\u0131m\u0131z; do\u011fayla bar\u0131\u015f\u0131k bir kalk\u0131nma modelini m\u00fcmk\u00fcn k\u0131lmak ve i\u015fletmelere hem \u00e7evresel hem de ekonomik y\u00f6nden de\u011fer katmakt\u0131r.<\/p>\n\n\n\n<p>Modern d\u00fcnyan\u0131n en b\u00fcy\u00fck sorunlar\u0131ndan biri&nbsp;<strong>\u00e7evre krizidir.<\/strong>&nbsp;Bu krizle m\u00fccadele etmek yaln\u0131zca devletlerin de\u011fil, \u00f6zel sekt\u00f6r\u00fcn ve bireylerin de sorumlulu\u011fundad\u0131r. Ye\u015fil Tek olarak biz, i\u015fte tam bu noktada devreye giriyoruz. \u00c7\u00fcnk\u00fc biz, \u00e7evre dostu \u00e7\u00f6z\u00fcmlerin yaln\u0131zca bir tercih de\u011fil; bir zorunluluk oldu\u011funa inan\u0131yoruz.<\/p>\n\n\n\n<h3 class=\"wp-block-heading\">Biz Ne Yap\u0131yoruz?<\/h3>\n\n\n\n<ul class=\"wp-block-list\">\n<li><strong>\u00c7evre \u0130zin ve Lisans Belgeleri<\/strong>\u00a0ba\u015fta olmak \u00fczere yasal belgelerin al\u0131nmas\u0131 ve takibi<\/li>\n\n\n\n<li><strong>\u00c7ED (\u00c7evresel Etki De\u011ferlendirmesi)<\/strong>\u00a0raporlar\u0131n\u0131n haz\u0131rlanmas\u0131 ve s\u00fcre\u00e7 y\u00f6netimi<\/li>\n\n\n\n<li><strong>At\u0131k y\u00f6netimi sistemlerinin kurulmas\u0131<\/strong>\u00a0ve s\u00fcrd\u00fcr\u00fclebilirli\u011fin sa\u011flanmas\u0131<\/li>\n<\/ul>\n","protected":false},"excerpt":{"rendered":"<p>Biz&nbsp;Kimiz Ye\u015fil Tek, \u00e7evreye duyarl\u0131 sistemlerin yayg\u0131nla\u015ft\u0131r\u0131lmas\u0131, sanayi kurulu\u015flar\u0131n\u0131n \u00e7evre mevzuat\u0131na uyumlu hale getirilmesi ve s\u00fcrd\u00fcr\u00fclebilir bir \u00fcretim anlay\u0131\u015f\u0131n\u0131n geli\u015ftirilmesi amac\u0131yla kurulmu\u015f bir \u00e7evre dan\u0131\u015fmanl\u0131k firmas\u0131d\u0131r. Kurulu\u015fumuzdan bu yana amac\u0131m\u0131z; do\u011fayla bar\u0131\u015f\u0131k bir kalk\u0131nma modelini m\u00fcmk\u00fcn k\u0131lmak ve i\u015fletmelere hem \u00e7evresel hem de ekonomik y\u00f6nden de\u011fer katmakt\u0131r. Modern d\u00fcnyan\u0131n en b\u00fcy\u00fck sorunlar\u0131ndan biri&nbsp;\u00e7evre krizidir.&nbsp;Bu krizle [&hellip;]<\/p>\n","protected":false},"author":1,"featured_media":0,"parent":0,"menu_order":0,"comment_status":"closed","ping_status":"open","template":"","meta":{"pagelayer_contact_templates":[],"_pagelayer_content":"","footnotes":""},"class_list":["post-2","page","type-page","status-publish","hentry"],"_links":{"self":[{"href":"https:\/\/yesiltek.com\/index.php?rest_route=\/wp\/v2\/pages\/2","targetHints":{"allow":["GET"]}}],"collection":[{"href":"https:\/\/yesiltek.com\/index.php?rest_route=\/wp\/v2\/pages"}],"about":[{"href":"https:\/\/yesiltek.com\/index.php?rest_route=\/wp\/v2\/types\/page"}],"author":[{"embeddable":true,"href":"https:\/\/yesiltek.com\/index.php?rest_route=\/wp\/v2\/users\/1"}],"replies":[{"embeddable":true,"href":"https:\/\/yesiltek.com\/index.php?rest_route=%2Fwp%2Fv2%2Fcomments&post=2"}],"version-history":[{"count":1,"href":"https:\/\/yesiltek.com\/index.php?rest_route=\/wp\/v2\/pages\/2\/revisions"}],"predecessor-version":[{"id":11,"href":"https:\/\/yesiltek.com\/index.php?rest_route=\/wp\/v2\/pages\/2\/revisions\/11"}],"wp:attachment":[{"href":"https:\/\/yesiltek.com\/index.php?rest_route=%2Fwp%2Fv2%2Fmedia&parent=2"}],"curies":[{"name":"wp","href":"https:\/\/api.w.org\/{rel}","templated":true}]}}